{"id":53,"date":"2023-10-25T12:33:11","date_gmt":"2023-10-25T12:33:11","guid":{"rendered":"https:\/\/honnonbosaigon.com\/blog\/?page_id=53"},"modified":"2023-10-25T12:33:11","modified_gmt":"2023-10-25T12:33:11","slug":"lien-he-chung-toi","status":"publish","type":"page","link":"http:\/\/honnonbosaigon.com\/blog\/lien-he-chung-toi\/","title":{"rendered":"Li\u00ean h\u1ec7 ch\u00fang t\u00f4i"},"content":{"rendered":"<p>Ch\u00fang t\u00f4i r\u1ea5t tr\u00e2n tr\u1ecdng \u00fd ki\u1ebfn \u0111\u00f3ng g\u00f3p c\u1ee7a b\u1ea1n v\u00e0 hy v\u1ecdng \u0111\u01b0\u1ee3c nghe t\u1eeb b\u1ea1n.<\/p>\n<p>N\u1ebfu b\u1ea1n mu\u1ed1n li\u00ean h\u1ec7 v\u1edbi ch\u00fang t\u00f4i ho\u1eb7c c\u00f3 b\u1ea5t k\u1ef3 ph\u1ea3n h\u1ed3i n\u00e0o v\u1ec1 trang web c\u1ee7a ch\u00fang t\u00f4i, ch\u00fang t\u00f4i m\u1eddi b\u1ea1n vi\u1ebft th\u01b0 cho ch\u00fang t\u00f4i t\u1ea1i \u0111\u1ecba ch\u1ec9 email \u0111\u01b0\u1ee3c cung c\u1ea5p d\u01b0\u1edbi \u0111\u00e2y.<\/p>\n<p>Vui l\u00f2ng s\u1eed d\u1ee5ng m\u1ed9t d\u00f2ng ch\u1ee7 \u0111\u1ec1 r\u00f5 r\u00e0ng \u0111\u1ec3 ch\u00fang t\u00f4i c\u00f3 th\u1ec3 nh\u1eadn bi\u1ebft tin nh\u1eafn c\u1ee7a b\u1ea1n trong s\u1ed1 l\u01b0\u1ee3ng email \u0111\u00f4ng \u0111\u1ea3o ch\u00fang t\u00f4i nh\u1eadn h\u00e0ng ng\u00e0y. Ch\u00fang t\u00f4i s\u1ebd c\u1ed1 g\u1eafng tr\u1ea3 l\u1eddi b\u1ea1n c\u00e0ng nhanh c\u00e0ng t\u1ed1t.<\/p>\n<p>Ch\u00fang t\u00f4i r\u1ea5t tr\u00e2n tr\u1ecdng \u00fd ki\u1ebfn \u0111\u00f3ng g\u00f3p c\u1ee7a b\u1ea1n, cho d\u00f9 \u0111\u00f3 l\u00e0 s\u1ef1 ph\u00ea b\u00ecnh hay nh\u1eefng \u00fd ki\u1ebfn v\u1ec1 trang web c\u1ee7a ch\u00fang t\u00f4i. Vui l\u00f2ng nh\u1edb \u0111\u1ec3 l\u1ea1i \u00fd ki\u1ebfn c\u1ee7a b\u1ea1n trong ph\u1ea7n b\u00ecnh lu\u1eadn d\u01b0\u1edbi m\u1ed7i b\u00e0i vi\u1ebft.<\/p>\n<p>N\u1ebfu b\u1ea1n c\u00f3 c\u00e2u h\u1ecfi ho\u1eb7c \u00fd ki\u1ebfn v\u1ec1 c\u00e1c s\u1ea3n ph\u1ea9m ch\u00fang t\u00f4i \u0111\u00e1nh gi\u00e1, ch\u00fang t\u00f4i xin l\u1ecbch s\u1ef1 y\u00eau c\u1ea7u b\u1ea1n b\u00e0y t\u1ecf suy ngh\u0129 c\u1ee7a m\u00ecnh trong ph\u1ea7n b\u00ecnh lu\u1eadn t\u01b0\u01a1ng \u1ee9ng.<\/p>\n<p>\u0110i\u1ec1u n\u00e0y quan tr\u1ecdng v\u00ec n\u00f3 gi\u00fap ch\u00fang t\u00f4i tr\u1ea3 l\u1eddi tr\u1ef1c ti\u1ebfp v\u00e0 \u0111\u1ed9c gi\u1ea3 kh\u00e1c c\u0169ng c\u00f3 th\u1ec3 tham gia cu\u1ed9c tr\u00f2 chuy\u1ec7n.<\/p>\n<p>Vui l\u00f2ng l\u01b0u \u00fd r\u1eb1ng ch\u00fang t\u00f4i kh\u00f4ng b\u00e1n ho\u1eb7c l\u01b0u tr\u1eef c\u00e1c s\u1ea3n ph\u1ea9m m\u00e0 ch\u00fang t\u00f4i \u0111\u00e1nh gi\u00e1. N\u1ebfu b\u1ea1n g\u1eb7p b\u1ea5t k\u1ef3 v\u1ea5n \u0111\u1ec1 n\u00e0o li\u00ean quan \u0111\u1ebfn vi\u1ec7c mua h\u00e0ng, ch\u00fang t\u00f4i khuy\u00ean b\u1ea1n n\u00ean li\u00ean h\u1ec7 tr\u1ef1c ti\u1ebfp v\u1edbi nh\u00e0 s\u1ea3n xu\u1ea5t.<\/p>\n<p>Ch\u00fang t\u00f4i th\u00e0nh th\u1eadt xin l\u1ed7i b\u1ea1n v\u00ec do s\u1ed1 l\u01b0\u1ee3ng l\u1edbn y\u00eau c\u1ea7u ch\u00fang t\u00f4i nh\u1eadn \u0111\u01b0\u1ee3c, ch\u00fang t\u00f4i kh\u00f4ng th\u1ec3 tr\u1ea3 l\u1eddi c\u00e1c email li\u00ean quan \u0111\u1ebfn vi\u1ec7c mua c\u00e1c s\u1ea3n ph\u1ea9m b\u1ed5 sung.<\/p>\n<p>\u0110\u1ec3 bi\u1ebft th\u00eam th\u00f4ng tin, xin vui l\u00f2ng li\u00ean h\u1ec7 v\u1edbi ch\u00fang t\u00f4i qua \u0111\u1ecba ch\u1ec9 email sau \u0111\u00e2y: Li\u00ean h\u1ec7: info@honnonbosaigon.com.<\/p>\n","protected":false},"excerpt":{"rendered":"<p>Ch\u00fang t\u00f4i r\u1ea5t tr\u00e2n tr\u1ecdng \u00fd ki\u1ebfn \u0111\u00f3ng g\u00f3p c\u1ee7a b\u1ea1n v\u00e0 hy v\u1ecdng \u0111\u01b0\u1ee3c nghe t\u1eeb b\u1ea1n. N\u1ebfu b\u1ea1n mu\u1ed1n li\u00ean h\u1ec7 v\u1edbi ch\u00fang t\u00f4i ho\u1eb7c c\u00f3 b\u1ea5t k\u1ef3 ph\u1ea3n h\u1ed3i&#8230;<\/p>\n","protected":false},"author":1,"featured_media":0,"parent":0,"menu_order":0,"comment_status":"closed","ping_status":"closed","template":"","meta":{"footnotes":""},"yoast_head":"<!-- This site is optimized with the Yoast SEO plugin v21.4 - https:\/\/yoast.com\/wordpress\/plugins\/seo\/ -->\n<title>Li\u00ean h\u1ec7 ch\u00fang t\u00f4i - Blog-Honnon Bosaigon<\/title>\n<meta name=\"robots\" content=\"index, follow, max-snippet:-1, max-image-preview:large, max-video-preview:-1\" \/>\n<link rel=\"canonical\" href=\"http:\/\/honnonbosaigon.com\/blog\/lien-he-chung-toi\/\" \/>\n<meta property=\"og:locale\" content=\"vi_VN\" \/>\n<meta property=\"og:type\" content=\"article\" \/>\n<meta property=\"og:title\" content=\"Li\u00ean h\u1ec7 ch\u00fang t\u00f4i - Blog-Honnon Bosaigon\" \/>\n<meta property=\"og:description\" content=\"Ch\u00fang t\u00f4i r\u1ea5t tr\u00e2n tr\u1ecdng \u00fd ki\u1ebfn \u0111\u00f3ng g\u00f3p c\u1ee7a b\u1ea1n v\u00e0 hy v\u1ecdng \u0111\u01b0\u1ee3c nghe t\u1eeb b\u1ea1n. N\u1ebfu b\u1ea1n mu\u1ed1n li\u00ean h\u1ec7 v\u1edbi ch\u00fang t\u00f4i ho\u1eb7c c\u00f3 b\u1ea5t k\u1ef3 ph\u1ea3n h\u1ed3i...\" \/>\n<meta property=\"og:url\" content=\"http:\/\/honnonbosaigon.com\/blog\/lien-he-chung-toi\/\" \/>\n<meta property=\"og:site_name\" content=\"Blog-Honnon Bosaigon\" \/>\n<meta name=\"twitter:card\" content=\"summary_large_image\" \/>\n<meta name=\"twitter:label1\" content=\"\u01af\u1edbc t\u00ednh th\u1eddi gian \u0111\u1ecdc\" \/>\n\t<meta name=\"twitter:data1\" content=\"2 ph\u00fat\" \/>\n<script type=\"application\/ld+json\" class=\"yoast-schema-graph\">{\"@context\":\"https:\/\/schema.org\",\"@graph\":[{\"@type\":\"WebPage\",\"@id\":\"http:\/\/honnonbosaigon.com\/blog\/lien-he-chung-toi\/\",\"url\":\"http:\/\/honnonbosaigon.com\/blog\/lien-he-chung-toi\/\",\"name\":\"Li\u00ean h\u1ec7 ch\u00fang t\u00f4i - Blog-Honnon Bosaigon\",\"isPartOf\":{\"@id\":\"https:\/\/honnonbosaigon.com\/blog\/#website\"},\"datePublished\":\"2023-10-25T12:33:11+00:00\",\"dateModified\":\"2023-10-25T12:33:11+00:00\",\"breadcrumb\":{\"@id\":\"http:\/\/honnonbosaigon.com\/blog\/lien-he-chung-toi\/#breadcrumb\"},\"inLanguage\":\"vi\",\"potentialAction\":[{\"@type\":\"ReadAction\",\"target\":[\"http:\/\/honnonbosaigon.com\/blog\/lien-he-chung-toi\/\"]}]},{\"@type\":\"BreadcrumbList\",\"@id\":\"http:\/\/honnonbosaigon.com\/blog\/lien-he-chung-toi\/#breadcrumb\",\"itemListElement\":[{\"@type\":\"ListItem\",\"position\":1,\"name\":\"Home\",\"item\":\"https:\/\/honnonbosaigon.com\/blog\/\"},{\"@type\":\"ListItem\",\"position\":2,\"name\":\"Li\u00ean h\u1ec7 ch\u00fang t\u00f4i\"}]},{\"@type\":\"WebSite\",\"@id\":\"https:\/\/honnonbosaigon.com\/blog\/#website\",\"url\":\"https:\/\/honnonbosaigon.com\/blog\/\",\"name\":\"Blog-Honnon Bosaigon\",\"description\":\"\",\"potentialAction\":[{\"@type\":\"SearchAction\",\"target\":{\"@type\":\"EntryPoint\",\"urlTemplate\":\"https:\/\/honnonbosaigon.com\/blog\/?s={search_term_string}\"},\"query-input\":\"required name=search_term_string\"}],\"inLanguage\":\"vi\"}]}<\/script>\n<!-- \/ Yoast SEO plugin. -->","yoast_head_json":{"title":"Li\u00ean h\u1ec7 ch\u00fang t\u00f4i - Blog-Honnon Bosaigon","robots":{"index":"index","follow":"follow","max-snippet":"max-snippet:-1","max-image-preview":"max-image-preview:large","max-video-preview":"max-video-preview:-1"},"canonical":"http:\/\/honnonbosaigon.com\/blog\/lien-he-chung-toi\/","og_locale":"vi_VN","og_type":"article","og_title":"Li\u00ean h\u1ec7 ch\u00fang t\u00f4i - Blog-Honnon Bosaigon","og_description":"Ch\u00fang t\u00f4i r\u1ea5t tr\u00e2n tr\u1ecdng \u00fd ki\u1ebfn \u0111\u00f3ng g\u00f3p c\u1ee7a b\u1ea1n v\u00e0 hy v\u1ecdng \u0111\u01b0\u1ee3c nghe t\u1eeb b\u1ea1n. N\u1ebfu b\u1ea1n mu\u1ed1n li\u00ean h\u1ec7 v\u1edbi ch\u00fang t\u00f4i ho\u1eb7c c\u00f3 b\u1ea5t k\u1ef3 ph\u1ea3n h\u1ed3i...","og_url":"http:\/\/honnonbosaigon.com\/blog\/lien-he-chung-toi\/","og_site_name":"Blog-Honnon Bosaigon","twitter_card":"summary_large_image","twitter_misc":{"\u01af\u1edbc t\u00ednh th\u1eddi gian \u0111\u1ecdc":"2 ph\u00fat"},"schema":{"@context":"https:\/\/schema.org","@graph":[{"@type":"WebPage","@id":"http:\/\/honnonbosaigon.com\/blog\/lien-he-chung-toi\/","url":"http:\/\/honnonbosaigon.com\/blog\/lien-he-chung-toi\/","name":"Li\u00ean h\u1ec7 ch\u00fang t\u00f4i - Blog-Honnon Bosaigon","isPartOf":{"@id":"https:\/\/honnonbosaigon.com\/blog\/#website"},"datePublished":"2023-10-25T12:33:11+00:00","dateModified":"2023-10-25T12:33:11+00:00","breadcrumb":{"@id":"http:\/\/honnonbosaigon.com\/blog\/lien-he-chung-toi\/#breadcrumb"},"inLanguage":"vi","potentialAction":[{"@type":"ReadAction","target":["http:\/\/honnonbosaigon.com\/blog\/lien-he-chung-toi\/"]}]},{"@type":"BreadcrumbList","@id":"http:\/\/honnonbosaigon.com\/blog\/lien-he-chung-toi\/#breadcrumb","itemListElement":[{"@type":"ListItem","position":1,"name":"Home","item":"https:\/\/honnonbosaigon.com\/blog\/"},{"@type":"ListItem","position":2,"name":"Li\u00ean h\u1ec7 ch\u00fang t\u00f4i"}]},{"@type":"WebSite","@id":"https:\/\/honnonbosaigon.com\/blog\/#website","url":"https:\/\/honnonbosaigon.com\/blog\/","name":"Blog-Honnon Bosaigon","description":"","potentialAction":[{"@type":"SearchAction","target":{"@type":"EntryPoint","urlTemplate":"https:\/\/honnonbosaigon.com\/blog\/?s={search_term_string}"},"query-input":"required name=search_term_string"}],"inLanguage":"vi"}]}},"_links":{"self":[{"href":"https:\/\/honnonbosaigon.com\/blog\/wp-json\/wp\/v2\/pages\/53"}],"collection":[{"href":"https:\/\/honnonbosaigon.com\/blog\/wp-json\/wp\/v2\/pages"}],"about":[{"href":"https:\/\/honnonbosaigon.com\/blog\/wp-json\/wp\/v2\/types\/page"}],"author":[{"embeddable":true,"href":"https:\/\/honnonbosaigon.com\/blog\/wp-json\/wp\/v2\/users\/1"}],"replies":[{"embeddable":true,"href":"https:\/\/honnonbosaigon.com\/blog\/wp-json\/wp\/v2\/comments?post=53"}],"version-history":[{"count":1,"href":"https:\/\/honnonbosaigon.com\/blog\/wp-json\/wp\/v2\/pages\/53\/revisions"}],"predecessor-version":[{"id":54,"href":"https:\/\/honnonbosaigon.com\/blog\/wp-json\/wp\/v2\/pages\/53\/revisions\/54"}],"wp:attachment":[{"href":"https:\/\/honnonbosaigon.com\/blog\/wp-json\/wp\/v2\/media?parent=53"}],"curies":[{"name":"wp","href":"https:\/\/api.w.org\/{rel}","templated":true}]}}